{"id":1696,"date":"2023-12-27T20:46:15","date_gmt":"2023-12-28T00:46:15","guid":{"rendered":"http:\/\/www.unesr.edu.ve\/?page_id=1696"},"modified":"2024-01-22T05:37:07","modified_gmt":"2024-01-22T09:37:07","slug":"lineas-de-investigacion","status":"publish","type":"page","link":"https:\/\/unesr.edu.ve\/?page_id=1696","title":{"rendered":"L\u00edneas de Investigaci\u00f3n"},"content":{"rendered":"<style>.kt-accordion-id1696_2e8ed6-81 .kt-accordion-inner-wrap{column-gap:var(--global-kb-gap-md, 2rem);row-gap:10px;}.kt-accordion-id1696_2e8ed6-81 .kt-accordion-panel-inner{border-top:0px solid transparent;border-right:0px solid transparent;border-bottom:0px solid transparent;border-left:0px solid transparent;background:#ffffff;padding-top:var(--global-kb-spacing-sm, 1.5rem);padding-right:var(--global-kb-spacing-sm, 1.5rem);padding-bottom:var(--global-kb-spacing-sm, 1.5rem);padding-left:var(--global-kb-spacing-sm, 1.5rem);}.kt-accordion-id1696_2e8ed6-81 .wp-block-kadence-pane .kt-accordion-header-wrap .kt-blocks-accordion-header{border-top:0px solid #f2f2f2;border-right:0px solid #f2f2f2;border-bottom:0px solid #f2f2f2;border-left:0px solid #f2f2f2;border-top-left-radius:6px;border-top-right-radius:6px;border-bottom-right-radius:6px;border-bottom-left-radius:6px;background:var(--global-palette3, #1A202C);color:var(--global-palette2, #2B6CB0);padding-top:14px;padding-right:16px;padding-bottom:14px;padding-left:16px;}.kt-accordion-id1696_2e8ed6-81:not( .kt-accodion-icon-style-basiccircle ):not( .kt-accodion-icon-style-xclosecircle ):not( .kt-accodion-icon-style-arrowcircle ) .kt-blocks-accordion-icon-trigger:after, .kt-accordion-id1696_2e8ed6-81:not( .kt-accodion-icon-style-basiccircle ):not( .kt-accodion-icon-style-xclosecircle ):not( .kt-accodion-icon-style-arrowcircle ) .kt-blocks-accordion-icon-trigger:before{background:var(--global-palette2, #2B6CB0);}.kt-accordion-id1696_2e8ed6-81 .kt-accordion-panel-inner, .kt-accordion-id1696_2e8ed6-81 .kt-accordion-panel-inner h1, .kt-accordion-id1696_2e8ed6-81 .kt-accordion-panel-inner h2, .kt-accordion-id1696_2e8ed6-81 .kt-accordion-panel-inner h3, .kt-accordion-id1696_2e8ed6-81 .kt-accordion-panel-inner h4, .kt-accordion-id1696_2e8ed6-81 .kt-accordion-panel-inner h5, .kt-accordion-id1696_2e8ed6-81 .kt-accordion-panel-inner h6{color:var(--global-palette7, #EDF2F7);}.kt-accordion-id1696_2e8ed6-81:not( .kt-accodion-icon-style-basic ):not( .kt-accodion-icon-style-xclose ):not( .kt-accodion-icon-style-arrow ) .kt-blocks-accordion-icon-trigger{background:var(--global-palette2, #2B6CB0);}.kt-accordion-id1696_2e8ed6-81:not( .kt-accodion-icon-style-basic ):not( .kt-accodion-icon-style-xclose ):not( .kt-accodion-icon-style-arrow ) .kt-blocks-accordion-icon-trigger:after, .kt-accordion-id1696_2e8ed6-81:not( .kt-accodion-icon-style-basic ):not( .kt-accodion-icon-style-xclose ):not( .kt-accodion-icon-style-arrow ) .kt-blocks-accordion-icon-trigger:before{background:var(--global-palette3, #1A202C);}.kt-accordion-id1696_2e8ed6-81 .kt-accordion-header-wrap .kt-blocks-accordion-header:hover, body:not(.hide-focus-outline) .kt-accordion-id1696_2e8ed6-81 .kt-accordion-header-wrap .kt-blocks-accordion-header:focus{color:var(--global-palette3, #1A202C);background:var(--global-palette2, #2B6CB0);border-top-color:#eeeeee;border-top-style:solid;border-right-color:#eeeeee;border-right-style:solid;border-bottom-color:#eeeeee;border-bottom-style:solid;border-left-color:#eeeeee;border-left-style:solid;}.kt-accordion-id1696_2e8ed6-81:not( .kt-accodion-icon-style-basiccircle ):not( .kt-accodion-icon-style-xclosecircle ):not( .kt-accodion-icon-style-arrowcircle ) .kt-blocks-accordion-header:hover .kt-blocks-accordion-icon-trigger:after, .kt-accordion-id1696_2e8ed6-81:not( .kt-accodion-icon-style-basiccircle ):not( .kt-accodion-icon-style-xclosecircle ):not( .kt-accodion-icon-style-arrowcircle ) .kt-blocks-accordion-header:hover .kt-blocks-accordion-icon-trigger:before, body:not(.hide-focus-outline) .kt-accordion-id1696_2e8ed6-81:not( .kt-accodion-icon-style-basiccircle ):not( .kt-accodion-icon-style-xclosecircle ):not( .kt-accodion-icon-style-arrowcircle ) .kt-blocks-accordion-header:focus .kt-blocks-accordion-icon-trigger:after, body:not(.hide-focus-outline) .kt-accordion-id1696_2e8ed6-81:not( .kt-accodion-icon-style-basiccircle ):not( .kt-accodion-icon-style-xclosecircle ):not( .kt-accodion-icon-style-arrowcircle ) .kt-blocks-accordion-header:focus .kt-blocks-accordion-icon-trigger:before{background:var(--global-palette3, #1A202C);}.kt-accordion-id1696_2e8ed6-81:not( .kt-accodion-icon-style-basic ):not( .kt-accodion-icon-style-xclose ):not( .kt-accodion-icon-style-arrow ) .kt-blocks-accordion-header:hover .kt-blocks-accordion-icon-trigger, body:not(.hide-focus-outline) .kt-accordion-id1696_2e8ed6-81:not( .kt-accodion-icon-style-basic ):not( .kt-accodion-icon-style-xclose ):not( .kt-accodion-icon-style-arrow ) .kt-blocks-accordion-header:focus .kt-blocks-accordion-icon-trigger{background:var(--global-palette3, #1A202C);}.kt-accordion-id1696_2e8ed6-81:not( .kt-accodion-icon-style-basic ):not( .kt-accodion-icon-style-xclose ):not( .kt-accodion-icon-style-arrow ) .kt-blocks-accordion-header:hover .kt-blocks-accordion-icon-trigger:after, .kt-accordion-id1696_2e8ed6-81:not( .kt-accodion-icon-style-basic ):not( .kt-accodion-icon-style-xclose ):not( .kt-accodion-icon-style-arrow ) .kt-blocks-accordion-header:hover .kt-blocks-accordion-icon-trigger:before, body:not(.hide-focus-outline) .kt-accordion-id1696_2e8ed6-81:not( .kt-accodion-icon-style-basic ):not( .kt-accodion-icon-style-xclose ):not( .kt-accodion-icon-style-arrow ) .kt-blocks-accordion-header:focus .kt-blocks-accordion-icon-trigger:after, body:not(.hide-focus-outline) .kt-accordion-id1696_2e8ed6-81:not( .kt-accodion-icon-style-basic ):not( .kt-accodion-icon-style-xclose ):not( .kt-accodion-icon-style-arrow ) .kt-blocks-accordion-header:focus .kt-blocks-accordion-icon-trigger:before{background:var(--global-palette2, #2B6CB0);}.kt-accordion-id1696_2e8ed6-81 .kt-accordion-header-wrap .kt-blocks-accordion-header.kt-accordion-panel-active{color:#ffffff;background:var(--global-palette2, #2B6CB0);border-top-color:#BE530B;border-top-style:solid;border-right-color:#BE530B;border-right-style:solid;border-bottom-color:#BE530B;border-bottom-style:solid;border-left-color:#BE530B;border-left-style:solid;}.kt-accordion-id1696_2e8ed6-81:not( .kt-accodion-icon-style-basiccircle ):not( .kt-accodion-icon-style-xclosecircle ):not( .kt-accodion-icon-style-arrowcircle ) .kt-blocks-accordion-header.kt-accordion-panel-active .kt-blocks-accordion-icon-trigger:after, .kt-accordion-id1696_2e8ed6-81:not( .kt-accodion-icon-style-basiccircle ):not( .kt-accodion-icon-style-xclosecircle ):not( .kt-accodion-icon-style-arrowcircle ) .kt-blocks-accordion-header.kt-accordion-panel-active .kt-blocks-accordion-icon-trigger:before{background:#ffffff;}.kt-accordion-id1696_2e8ed6-81:not( .kt-accodion-icon-style-basic ):not( .kt-accodion-icon-style-xclose ):not( .kt-accodion-icon-style-arrow ) .kt-blocks-accordion-header.kt-accordion-panel-active .kt-blocks-accordion-icon-trigger{background:#ffffff;}.kt-accordion-id1696_2e8ed6-81:not( .kt-accodion-icon-style-basic ):not( .kt-accodion-icon-style-xclose ):not( .kt-accodion-icon-style-arrow ) .kt-blocks-accordion-header.kt-accordion-panel-active .kt-blocks-accordion-icon-trigger:after, .kt-accordion-id1696_2e8ed6-81:not( .kt-accodion-icon-style-basic ):not( .kt-accodion-icon-style-xclose ):not( .kt-accodion-icon-style-arrow ) .kt-blocks-accordion-header.kt-accordion-panel-active .kt-blocks-accordion-icon-trigger:before{background:var(--global-palette2, #2B6CB0);}@media all and (max-width: 1024px){.kt-accordion-id1696_2e8ed6-81 .kt-accordion-panel-inner{border-top:0px solid transparent;border-right:0px solid transparent;border-bottom:0px solid transparent;border-left:0px solid transparent;}}@media all and (max-width: 1024px){.kt-accordion-id1696_2e8ed6-81 .wp-block-kadence-pane .kt-accordion-header-wrap .kt-blocks-accordion-header{border-top:0px solid #f2f2f2;border-right:0px solid #f2f2f2;border-bottom:0px solid #f2f2f2;border-left:0px solid #f2f2f2;}}@media all and (max-width: 1024px){.kt-accordion-id1696_2e8ed6-81 .kt-accordion-header-wrap .kt-blocks-accordion-header:hover, body:not(.hide-focus-outline) .kt-accordion-id1696_2e8ed6-81 .kt-accordion-header-wrap .kt-blocks-accordion-header:focus{border-top-color:#eeeeee;border-top-style:solid;border-right-color:#eeeeee;border-right-style:solid;border-bottom-color:#eeeeee;border-bottom-style:solid;border-left-color:#eeeeee;border-left-style:solid;}}@media all and (max-width: 1024px){.kt-accordion-id1696_2e8ed6-81 .kt-accordion-header-wrap .kt-blocks-accordion-header.kt-accordion-panel-active{border-top-color:#BE530B;border-top-style:solid;border-right-color:#BE530B;border-right-style:solid;border-bottom-color:#BE530B;border-bottom-style:solid;border-left-color:#BE530B;border-left-style:solid;}}@media all and (max-width: 767px){.kt-accordion-id1696_2e8ed6-81 .kt-accordion-inner-wrap{display:block;}.kt-accordion-id1696_2e8ed6-81 .kt-accordion-inner-wrap .kt-accordion-pane:not(:first-child){margin-top:10px;}.kt-accordion-id1696_2e8ed6-81 .kt-accordion-panel-inner{border-top:0px solid transparent;border-right:0px solid transparent;border-bottom:0px solid transparent;border-left:0px solid transparent;}.kt-accordion-id1696_2e8ed6-81 .wp-block-kadence-pane .kt-accordion-header-wrap .kt-blocks-accordion-header{border-top:0px solid #f2f2f2;border-right:0px solid #f2f2f2;border-bottom:0px solid #f2f2f2;border-left:0px solid #f2f2f2;}.kt-accordion-id1696_2e8ed6-81 .kt-accordion-header-wrap .kt-blocks-accordion-header:hover, body:not(.hide-focus-outline) .kt-accordion-id1696_2e8ed6-81 .kt-accordion-header-wrap .kt-blocks-accordion-header:focus{border-top-color:#eeeeee;border-top-style:solid;border-right-color:#eeeeee;border-right-style:solid;border-bottom-color:#eeeeee;border-bottom-style:solid;border-left-color:#eeeeee;border-left-style:solid;}.kt-accordion-id1696_2e8ed6-81 .kt-accordion-header-wrap .kt-blocks-accordion-header.kt-accordion-panel-active{border-top-color:#BE530B;border-top-style:solid;border-right-color:#BE530B;border-right-style:solid;border-bottom-color:#BE530B;border-bottom-style:solid;border-left-color:#BE530B;border-left-style:solid;}}<\/style>\n<div class=\"wp-block-kadence-accordion alignnone\"><div class=\"kt-accordion-wrap kt-accordion-id1696_2e8ed6-81 kt-accordion-has-5-panes kt-active-pane-0 kt-accordion-block kt-pane-header-alignment-left kt-accodion-icon-style-basic kt-accodion-icon-side-right\" style=\"max-width:none\"><div class=\"kt-accordion-inner-wrap\" data-allow-multiple-open=\"false\" data-start-open=\"none\">\n<div class=\"wp-block-kadence-pane kt-accordion-pane kt-accordion-pane-1 kt-pane1696_843a3e-58\"><div class=\"kt-accordion-header-wrap\"><button class=\"kt-blocks-accordion-header kt-acccordion-button-label-show\"><span class=\"kt-blocks-accordion-title-wrap\"><span class=\"kt-blocks-accordion-title\"><strong>Ciencias Administrativas<\/strong><\/span><\/span><span class=\"kt-blocks-accordion-icon-trigger\"><\/span><\/button><\/div><div class=\"kt-accordion-panel kt-accordion-panel-hidden\"><div class=\"kt-accordion-panel-inner\"><style>.wp-block-kadence-advancedheading.kt-adv-heading1696_3d2769-2a, .wp-block-kadence-advancedheading.kt-adv-heading1696_3d2769-2a[data-kb-block=\"kb-adv-heading1696_3d2769-2a\"]{line-height:40px;font-style:normal;}.wp-block-kadence-advancedheading.kt-adv-heading1696_3d2769-2a mark.kt-highlight, .wp-block-kadence-advancedheading.kt-adv-heading1696_3d2769-2a[data-kb-block=\"kb-adv-heading1696_3d2769-2a\"] mark.kt-highlight{font-style:normal;color:#f76a0c;padding-top:0px;padding-right:0px;padding-bottom:0px;padding-left:0px;}<\/style>\n<p class=\"kt-adv-heading1696_3d2769-2a wp-block-kadence-advancedheading\" data-kb-block=\"kb-adv-heading1696_3d2769-2a\">o Ciencias administrativas para la transformaci\u00f3n social. (N\u00facleo Apure)<br>o Construcci\u00f3n del conocimiento en organizaciones; discurso y pr\u00e1cticas administrativas. (N\u00facleo Barquisimeto)<br>o Dimensiones gerenciales en las organizaciones (N\u00facleo San Carlos)<br>o El devenir de la econom\u00eda y la administraci\u00f3n en la sociedad. (N\u00facleo Los Teques)<br>o Epistemolog\u00eda en el pensamiento organizacional y administrativo. (N\u00facleo Caracas)<br>o Estudios de la organizaci\u00f3n y la administraci\u00f3n p\u00fablica en el marco de una nueva sociedad. (N\u00facleo Caracas)<br>o Finanzas y organizaciones financiera y sociocomunitarias. (N\u00facleo Caracas)<br>o Gerencia y tecnolog\u00eda (N\u00facleo Valera)<br>o Gesti\u00f3n de calidad, administrativa, financiera y seguridad social en las organizaciones. (N\u00facleo Maracay)<br>o Gesti\u00f3n de las organizaciones. (N\u00facleo Caracas)<br>o Gesti\u00f3n estrat\u00e9gica y pol\u00edticas organizacionales. (N\u00facleo Caracas)<br>o Procesos gerenciales y administrativos en el \u00e1mbito sociocomunitario. (N\u00facleo Bol\u00edvar)<br>o Sistema de informaci\u00f3n y recursos humanos. (N\u00facleo Coro)<br>o Tributos y gesti\u00f3n administrativa-financiera en las organizaciones (N\u00facleo Maracay)<\/p>\n<\/div><\/div><\/div>\n\n\n\n<div class=\"wp-block-kadence-pane kt-accordion-pane kt-accordion-pane-2 kt-pane1696_ea63b0-db\"><div class=\"kt-accordion-header-wrap\"><button class=\"kt-blocks-accordion-header kt-acccordion-button-label-show\"><span class=\"kt-blocks-accordion-title-wrap\"><span class=\"kt-blocks-accordion-title\"><strong>Ciencias de la Educaci\u00f3n y Desarrollo Humano<\/strong><\/span><\/span><span class=\"kt-blocks-accordion-icon-trigger\"><\/span><\/button><\/div><div class=\"kt-accordion-panel kt-accordion-panel-hidden\"><div class=\"kt-accordion-panel-inner\"><style>.wp-block-kadence-advancedheading.kt-adv-heading1696_28a098-b7, .wp-block-kadence-advancedheading.kt-adv-heading1696_28a098-b7[data-kb-block=\"kb-adv-heading1696_28a098-b7\"]{line-height:40px;font-style:normal;}.wp-block-kadence-advancedheading.kt-adv-heading1696_28a098-b7 mark.kt-highlight, .wp-block-kadence-advancedheading.kt-adv-heading1696_28a098-b7[data-kb-block=\"kb-adv-heading1696_28a098-b7\"] mark.kt-highlight{font-style:normal;color:#f76a0c;padding-top:0px;padding-right:0px;padding-bottom:0px;padding-left:0px;}<\/style>\n<p class=\"kt-adv-heading1696_28a098-b7 wp-block-kadence-advancedheading\" data-kb-block=\"kb-adv-heading1696_28a098-b7\">o Acci\u00f3n colectiva, producci\u00f3n y transformaci\u00f3n social (N\u00facleo Valera)<br>o Administraci\u00f3n del desarrollo ecosocial (N\u00facleo El Vig\u00eda)<br>o Afrodescendencia e interculturalidad (N\u00facleo Maracay)<br>o Asesoramiento y desarrollo humano: entre lo virtual y lo digital (N\u00facleo Caracas)<br>o Asesoramiento, familia y desarrollo humano (N\u00facleo Caracas)<br>o Atenci\u00f3n a la diversidad: personas con discapacidad auditiva en la educaci\u00f3n universitaria (N\u00facleo Maracay)<br>o Ciudadan\u00eda hermen\u00e9utica y proyectos sociales (N\u00facleo Valera)<br>o Comunidades de aprendizaje y nuevos modelos educativos (Decanato)<br>o Contribuci\u00f3n del servicio comunitario al imaginario popular (N\u00facleo Maracay)<br>o Creatividad e innovaci\u00f3n educativa (N\u00facleo La Grita)<br>o Cultura creadora del conocimiento (N\u00facleo El Vig\u00eda)<br>o Desarrollo end\u00f3geno (N\u00facleo Apure)<br>o Desarrollo humano y sustentabilidad (N\u00facleo Matur\u00edn)<br>o Desarrollo sustentable, alternativo y buen vivir (N\u00facleo Valle de la Pascua)<br>o Did\u00e1ctica de las matem\u00e1ticas, en contexto de transformaci\u00f3n social (N\u00facleos Bol\u00edvar y El Vig\u00eda)<br>o Din\u00e1micas socioeducativas tecnol\u00f3gicas (N\u00facleo San Juan de los Morros)<br>o Din\u00e1micas psicosociales de aprendizaje (N\u00facleo Caracas)<br>o Docencia y construcci\u00f3n de proyectos educativos y comunitarios (N\u00facleo San Carlos)<br>o Econom\u00eda pol\u00edtica de la construcci\u00f3n socialista en el contexto venezolano (N\u00facleo Maracay)<br>o Educaci\u00f3n, democracia y ciudadan\u00eda (N\u00facleo Caracas)<br>o Educaci\u00f3n de adultos y desarrollo social (N\u00facleo Caracas)<br>o Educaci\u00f3n emancipadora, gesti\u00f3n del talento humano y agroecolog\u00eda para la sostenibilidad (N\u00facleo Matur\u00edn)<br>o Educaci\u00f3n en valores para la paz (N\u00facleo San Juan de los Morros)<br>o Educaci\u00f3n inicial un espacio para la transformaci\u00f3n social y cultural en el contexto educativo (N\u00facleo el Vig\u00eda)<br>o Educaci\u00f3n matem\u00e1tica, ciencias y tecnolog\u00eda de la informaci\u00f3n y la comunicaci\u00f3n (N\u00facleo Maracay)<br>o Educaci\u00f3n trasformadora y liberadora para el desarrollo humano integral (N\u00facleo la Grita)<br>o Educaci\u00f3n universitaria y aprendizaje social participativo desde los espacios productivos ecol\u00f3gicos de las comunidades (N\u00facleo San Juan de los Morros)<br>o Educaci\u00f3n y desarrollo humano (N\u00facleo el Vig\u00eda)<br>o Educaci\u00f3n y pobreza (N\u00facleo Valera)<br>o Educaci\u00f3n y tratamiento en salud (N\u00facleo Caracas)<br>o Educaci\u00f3n, desarrollo humano y sociedad (N\u00facleo Barcelona)<br>o Educaci\u00f3n, investigaci\u00f3n social y diversidad cultural (N\u00facleo Bol\u00edvar)<br>o Ense\u00f1anza did\u00e1ctica de las matem\u00e1ticas en contexto de transformaci\u00f3n social (N\u00facleo San Juan de los Morros)<br>o Estudios de las pol\u00edticas sociales y educativas: un enfoque transdisciplinario (N\u00facleo los Teques)<br>o Estudios para el aprendizaje social: mujer y hombre en constante cambio (N\u00facleo los Teques)<br>o Experiencias educativas y escenarios de aprendizaje (N\u00facleo San Carlos)<br>o Feminismo, \u00e9tica y nuevas subjetividades nuestroamericana (N\u00facleo Caracas)<br>o Filosof\u00eda de la educaci\u00f3n y pol\u00edticas educativas en Am\u00e9rica Latina (N\u00facleo Caracas)<br>o Filosof\u00eda del arte, la pol\u00edtica y la educaci\u00f3n en nuestra Am\u00e9rica (N\u00facleo Caracas)<br>o Formaci\u00f3n docente y praxis educativa (N\u00facleo Coro)<br>o Fortalecimiento de la educaci\u00f3n inicial (N\u00facleo Valera)<br>o Gerencia social y desarrollo comunitario (N\u00facleo San Juan de los Morros)<br>o Gerencia y procesos formativos (N\u00facleo Coro)<br>o Gesti\u00f3n administrativa para el desarrollo socioeconomico y productivo en el contexto local (N\u00facleo Barcelona)<br>o Gesti\u00f3n pedag\u00f3gica y comunidad (N\u00facleo Caracas)<br>o Haceres y saberes del patrimonio hist\u00f3rico local y regional (N\u00facleo la Grita)<br>o Historia regional y local (N\u00facleo el Vig\u00eda)<br>o Innovaci\u00f3n y transformaci\u00f3n en la praxis pedag\u00f3gica en la educaci\u00f3n inicial (n\u00facleo valencia)<br>o investigaci\u00f3n y tecnolog\u00eda (N\u00facleo Bol\u00edvar)<br>o LINFUNDO funci\u00f3n docente: pedagog\u00eda y pensamiento educativo venezolano y latinoamericano (N\u00facleo Caracas)<br>o Movimientos sociales y saberes multidimensionales (CEPAP)<br>o Pol\u00edtica, \u00e9tica y educaci\u00f3n: replanteamientos te\u00f3ricos e implicaciones pr\u00e1cticas (Decanato)<br>o Procesos de ense\u00f1anza y aprendizaje: un enfoque cognitivo (N\u00facleo Caracas)<br>o Representaciones socioculturales y pol\u00edticas de la dignidad humana (N\u00facleo San Carlos)<br>o Saberes colectivos y educaci\u00f3n popular (N\u00facleo Barquisimeto)<br>o Teor\u00eda y pr\u00e1ctica de la gesti\u00f3n cultural (N\u00facleo Caracas)<br>o Universidad en la promoci\u00f3n del desarrollo: una perspectiva transdisciplinaria (N\u00facleo la Grita)<br>o Universidad, sociedad y comunidad (N\u00facleo San Juan de los Morros)<br>o Universidad, tecnolog\u00eda y gerencia ambiental (N\u00facleo San Juan de los Morros)<\/p>\n<\/div><\/div><\/div>\n\n\n\n<div class=\"wp-block-kadence-pane kt-accordion-pane kt-accordion-pane-3 kt-pane1696_0e6dd1-1a\"><div class=\"kt-accordion-header-wrap\"><button class=\"kt-blocks-accordion-header kt-acccordion-button-label-show\"><span class=\"kt-blocks-accordion-title-wrap\"><span class=\"kt-blocks-accordion-title\"><strong>Ciencias Naturales, Agroecolog\u00eda, Ingenier\u00eda de Alimentos y Veterinaria<\/strong><\/span><\/span><span class=\"kt-blocks-accordion-icon-trigger\"><\/span><\/button><\/div><div class=\"kt-accordion-panel kt-accordion-panel-hidden\"><div class=\"kt-accordion-panel-inner\"><style>.wp-block-kadence-advancedheading.kt-adv-heading1696_f8687b-c5, .wp-block-kadence-advancedheading.kt-adv-heading1696_f8687b-c5[data-kb-block=\"kb-adv-heading1696_f8687b-c5\"]{line-height:40px;font-style:normal;}.wp-block-kadence-advancedheading.kt-adv-heading1696_f8687b-c5 mark.kt-highlight, .wp-block-kadence-advancedheading.kt-adv-heading1696_f8687b-c5[data-kb-block=\"kb-adv-heading1696_f8687b-c5\"] mark.kt-highlight{font-style:normal;color:#f76a0c;padding-top:0px;padding-right:0px;padding-bottom:0px;padding-left:0px;}<\/style>\n<p class=\"kt-adv-heading1696_f8687b-c5 wp-block-kadence-advancedheading\" data-kb-block=\"kb-adv-heading1696_f8687b-c5\">o Biotecnolog\u00eda vegetal aplicada a la agroecolog\u00eda y alternativas para su ense\u00f1anza (IDECYT)<br>o Diagn\u00f3stico, prevenci\u00f3n y tratamiento de los principales agentes hemotr\u00f3picos que afectan a los rumiantes en el tr\u00f3pico (IDECYT)<br>o Etnobot\u00e1nica agroecol\u00f3gica (IDECYT)<br>o Resignificaci\u00f3n de la agroecolog\u00eda: encuentro con un planeta (IDECYT)<br>o Conversi\u00f3n agroecol\u00f3gica y propiedades emergente (IDECYT)<br>o Manejo Agroecol\u00f3gico de Recursos suelo y agua (IDECYT)<br>o Control Natural, Biol\u00f3gica e integrado de plagas (IDECYT)<br>o Ecolog\u00eda de restauraci\u00f3n y conservaci\u00f3n (IDECYT)<br>o Agroecolog\u00eda (IDECYT)<br>o Terapia Experimental (IDECYT)<br>o Resignificaci\u00f3n del proyecto de aves (IDECYT)<br>o Evaluaci\u00f3n de las proteasas excretadas presentes en cultivos de leishmania en geles de doble dimensi\u00f3n (IDECYT-UCV)<br>o Estudio de las endotoxinas de bacillus thurigiensis var israelensis en un medio de cultivo (IDECYT-UCV)<br>o Evaluaci\u00f3n de la proliferaci\u00f3n de c\u00e9lulas madres mesenquimales en andamios polim\u00e9ricos (IDECYT-UCV)<br>o Manejo de animales de experimentaci\u00f3n (IDECYT)<br>o Laboratorio de semillas (IDECYT)<br>o Economia circulas (IDECYT)<br>o Emergencia climatica &#8211; cultura de riesgo (IDECYT)<\/p>\n<\/div><\/div><\/div>\n<\/div><\/div><\/div>\n","protected":false},"excerpt":{"rendered":"","protected":false},"author":3,"featured_media":0,"parent":0,"menu_order":0,"comment_status":"closed","ping_status":"closed","template":"","meta":{"_kadence_starter_templates_imported_post":false,"_kad_post_transparent":"","_kad_post_title":"","_kad_post_layout":"","_kad_post_sidebar_id":"","_kad_post_content_style":"","_kad_post_vertical_padding":"","_kad_post_feature":"","_kad_post_feature_position":"","_kad_post_header":false,"_kad_post_footer":false,"footnotes":""},"_links":{"self":[{"href":"https:\/\/unesr.edu.ve\/index.php?rest_route=\/wp\/v2\/pages\/1696"}],"collection":[{"href":"https:\/\/unesr.edu.ve\/index.php?rest_route=\/wp\/v2\/pages"}],"about":[{"href":"https:\/\/unesr.edu.ve\/index.php?rest_route=\/wp\/v2\/types\/page"}],"author":[{"embeddable":true,"href":"https:\/\/unesr.edu.ve\/index.php?rest_route=\/wp\/v2\/users\/3"}],"replies":[{"embeddable":true,"href":"https:\/\/unesr.edu.ve\/index.php?rest_route=%2Fwp%2Fv2%2Fcomments&post=1696"}],"version-history":[{"count":10,"href":"https:\/\/unesr.edu.ve\/index.php?rest_route=\/wp\/v2\/pages\/1696\/revisions"}],"predecessor-version":[{"id":1998,"href":"https:\/\/unesr.edu.ve\/index.php?rest_route=\/wp\/v2\/pages\/1696\/revisions\/1998"}],"wp:attachment":[{"href":"https:\/\/unesr.edu.ve\/index.php?rest_route=%2Fwp%2Fv2%2Fmedia&parent=1696"}],"curies":[{"name":"wp","href":"https:\/\/api.w.org\/{rel}","templated":true}]}}