{"id":1945,"date":"2024-01-21T02:18:16","date_gmt":"2024-01-21T06:18:16","guid":{"rendered":"http:\/\/www.unesr.edu.ve\/?page_id=1945"},"modified":"2024-01-21T02:18:16","modified_gmt":"2024-01-21T06:18:16","slug":"sede-region-occidental","status":"publish","type":"page","link":"https:\/\/unesr.edu.ve\/?page_id=1945","title":{"rendered":"Sede Regi\u00f3n Occidental"},"content":{"rendered":"<style>.wp-block-kadence-advancedheading.kt-adv-heading1945_9ad2c0-31, .wp-block-kadence-advancedheading.kt-adv-heading1945_9ad2c0-31[data-kb-block=\"kb-adv-heading1945_9ad2c0-31\"]{font-style:normal;}.wp-block-kadence-advancedheading.kt-adv-heading1945_9ad2c0-31 mark.kt-highlight, .wp-block-kadence-advancedheading.kt-adv-heading1945_9ad2c0-31[data-kb-block=\"kb-adv-heading1945_9ad2c0-31\"] mark.kt-highlight{font-style:normal;color:#f76a0c;padding-top:0px;padding-right:0px;padding-bottom:0px;padding-left:0px;}<\/style>\n<h2 class=\"kt-adv-heading1945_9ad2c0-31 wp-block-kadence-advancedheading\" data-kb-block=\"kb-adv-heading1945_9ad2c0-31\"><strong><strong>Falc\u00f3n<\/strong><\/strong><\/h2>\n\n\n<style>.kb-row-layout-id1945_1b800d-82 > .kt-row-column-wrap{align-content:start;}:where(.kb-row-layout-id1945_1b800d-82 > .kt-row-column-wrap) > .wp-block-kadence-column{justify-content:start;}.kb-row-layout-id1945_1b800d-82 > .kt-row-column-wrap{column-gap:var(--global-kb-gap-md, 2rem);row-gap:var(--global-kb-gap-md, 2rem);padding-top:var(--global-kb-spacing-sm, 1.5rem);padding-bottom:var(--global-kb-spacing-sm, 1.5rem);grid-template-columns:minmax(0, 1fr);}.kb-row-layout-id1945_1b800d-82 > .kt-row-layout-overlay{opacity:0.30;}@media all and (max-width: 1024px){.kb-row-layout-id1945_1b800d-82 > .kt-row-column-wrap{grid-template-columns:minmax(0, 1fr);}}@media all and (max-width: 767px){.kb-row-layout-id1945_1b800d-82 > .kt-row-column-wrap{grid-template-columns:minmax(0, 1fr);}}<\/style><div class=\"kb-row-layout-wrap kb-row-layout-id1945_1b800d-82 alignnone wp-block-kadence-rowlayout\"><div class=\"kt-row-column-wrap kt-has-1-columns kt-row-layout-equal kt-tab-layout-inherit kt-mobile-layout-row kt-row-valign-top\">\n<style>.kadence-column1945_e1bbbe-05 > .kt-inside-inner-col,.kadence-column1945_e1bbbe-05 > .kt-inside-inner-col:before{border-top-left-radius:0px;border-top-right-radius:0px;border-bottom-right-radius:0px;border-bottom-left-radius:0px;}.kadence-column1945_e1bbbe-05 > .kt-inside-inner-col{column-gap:var(--global-kb-gap-sm, 1rem);}.kadence-column1945_e1bbbe-05 > .kt-inside-inner-col{flex-direction:column;}.kadence-column1945_e1bbbe-05 > .kt-inside-inner-col > .aligncenter{width:100%;}.kadence-column1945_e1bbbe-05 > .kt-inside-inner-col:before{opacity:0.3;}.kadence-column1945_e1bbbe-05{position:relative;}@media all and (max-width: 1024px){.kadence-column1945_e1bbbe-05 > .kt-inside-inner-col{flex-direction:column;}}@media all and (max-width: 767px){.kadence-column1945_e1bbbe-05 > .kt-inside-inner-col{flex-direction:column;}}<\/style>\n<div class=\"wp-block-kadence-column kadence-column1945_e1bbbe-05\"><div class=\"kt-inside-inner-col\"><style>.kb-row-layout-id1945_d196f9-be > .kt-row-column-wrap{align-content:start;}:where(.kb-row-layout-id1945_d196f9-be > .kt-row-column-wrap) > .wp-block-kadence-column{justify-content:start;}.kb-row-layout-id1945_d196f9-be > .kt-row-column-wrap{column-gap:var(--global-kb-gap-md, 2rem);row-gap:var(--global-kb-gap-md, 2rem);padding-top:var(--global-kb-spacing-sm, 1.5rem);padding-bottom:var(--global-kb-spacing-sm, 1.5rem);grid-template-columns:minmax(0, 1fr);}.kb-row-layout-id1945_d196f9-be > .kt-row-layout-overlay{opacity:0.30;}@media all and (max-width: 1024px){.kb-row-layout-id1945_d196f9-be > .kt-row-column-wrap{grid-template-columns:minmax(0, 1fr);}}@media all and (max-width: 767px){.kb-row-layout-id1945_d196f9-be > .kt-row-column-wrap{grid-template-columns:minmax(0, 1fr);}}<\/style><div class=\"kb-row-layout-wrap kb-row-layout-id1945_d196f9-be alignnone wp-block-kadence-rowlayout\"><div class=\"kt-row-column-wrap kt-has-2-columns kt-row-layout-row kt-tab-layout-inherit kt-mobile-layout-row kt-row-valign-top\">\n<style>.kadence-column1945_1eefb3-7a > .kt-inside-inner-col,.kadence-column1945_1eefb3-7a > .kt-inside-inner-col:before{border-top-left-radius:0px;border-top-right-radius:0px;border-bottom-right-radius:0px;border-bottom-left-radius:0px;}.kadence-column1945_1eefb3-7a > .kt-inside-inner-col{column-gap:var(--global-kb-gap-sm, 1rem);}.kadence-column1945_1eefb3-7a > .kt-inside-inner-col{flex-direction:column;}.kadence-column1945_1eefb3-7a > .kt-inside-inner-col > .aligncenter{width:100%;}.kadence-column1945_1eefb3-7a > .kt-inside-inner-col:before{opacity:0.3;}.kadence-column1945_1eefb3-7a{position:relative;}@media all and (max-width: 1024px){.kadence-column1945_1eefb3-7a > .kt-inside-inner-col{flex-direction:column;}}@media all and (max-width: 767px){.kadence-column1945_1eefb3-7a > .kt-inside-inner-col{flex-direction:column;}}<\/style>\n<div class=\"wp-block-kadence-column kadence-column1945_1eefb3-7a\"><div class=\"kt-inside-inner-col\"><style>.kb-image1945_d57276-86 .kb-image-has-overlay:after{opacity:0.3;}<\/style>\n<figure class=\"wp-block-kadence-image kb-image1945_d57276-86 size-full\"><img loading=\"lazy\" decoding=\"async\" width=\"600\" height=\"279\" src=\"http:\/\/www.unesr.edu.ve\/wp-content\/uploads\/2024\/01\/rectora.jpg\" alt=\"\" class=\"kb-img wp-image-1897\" srcset=\"https:\/\/unesr.edu.ve\/wp-content\/uploads\/2024\/01\/rectora.jpg 600w, https:\/\/unesr.edu.ve\/wp-content\/uploads\/2024\/01\/rectora-300x140.jpg 300w\" sizes=\"(max-width: 600px) 100vw, 600px\" \/><\/figure>\n<\/div><\/div>\n\n\n<style>.kadence-column1945_298747-e9 > .kt-inside-inner-col,.kadence-column1945_298747-e9 > .kt-inside-inner-col:before{border-top-left-radius:0px;border-top-right-radius:0px;border-bottom-right-radius:0px;border-bottom-left-radius:0px;}.kadence-column1945_298747-e9 > .kt-inside-inner-col{column-gap:var(--global-kb-gap-sm, 1rem);}.kadence-column1945_298747-e9 > .kt-inside-inner-col{flex-direction:column;}.kadence-column1945_298747-e9 > .kt-inside-inner-col > .aligncenter{width:100%;}.kadence-column1945_298747-e9 > .kt-inside-inner-col:before{opacity:0.3;}.kadence-column1945_298747-e9{position:relative;}@media all and (max-width: 1024px){.kadence-column1945_298747-e9 > .kt-inside-inner-col{flex-direction:column;}}@media all and (max-width: 767px){.kadence-column1945_298747-e9 > .kt-inside-inner-col{flex-direction:column;}}<\/style>\n<div class=\"wp-block-kadence-column kadence-column1945_298747-e9\"><div class=\"kt-inside-inner-col\"><style>.wp-block-kadence-advancedheading.kt-adv-heading1945_5f426a-62, .wp-block-kadence-advancedheading.kt-adv-heading1945_5f426a-62[data-kb-block=\"kb-adv-heading1945_5f426a-62\"]{font-style:normal;}.wp-block-kadence-advancedheading.kt-adv-heading1945_5f426a-62 mark.kt-highlight, .wp-block-kadence-advancedheading.kt-adv-heading1945_5f426a-62[data-kb-block=\"kb-adv-heading1945_5f426a-62\"] mark.kt-highlight{font-style:normal;color:#f76a0c;padding-top:0px;padding-right:0px;padding-bottom:0px;padding-left:0px;}<\/style>\n<p class=\"kt-adv-heading1945_5f426a-62 wp-block-kadence-advancedheading\" data-kb-block=\"kb-adv-heading1945_5f426a-62\"><strong>N\u00facleo Coro<br><\/strong>ESTADO: Falc\u00f3n<br>MUNICIPIO: Miranda<br>PARROQUIA: Santa Ana<br>DIRECCI\u00d3N: Av. Miranda. Cruce con calle Norte. Edo. Falc\u00f3n<br>COORDENADAS GEOREFERENCIALES: 11\u00b024&#8217;41.8&#8243;N 69\u00b040&#8217;45.3&#8243;W<br>RESPONSABLE: Al\u00ed Jos\u00e9 Guanipa S\u00e1nchez &#8211; Director<br>TEL\u00c9FONO:<br>CORREO ELECTR\u00d3NICO: direccionunesrcoro2018@gmail.com<\/p>\n<\/div><\/div>\n\n<\/div><\/div><\/div><\/div>\n\n<\/div><\/div>\n\n<style>.wp-block-kadence-advancedheading.kt-adv-heading1945_fff72a-b7, .wp-block-kadence-advancedheading.kt-adv-heading1945_fff72a-b7[data-kb-block=\"kb-adv-heading1945_fff72a-b7\"]{font-style:normal;}.wp-block-kadence-advancedheading.kt-adv-heading1945_fff72a-b7 mark.kt-highlight, .wp-block-kadence-advancedheading.kt-adv-heading1945_fff72a-b7[data-kb-block=\"kb-adv-heading1945_fff72a-b7\"] mark.kt-highlight{font-style:normal;color:#f76a0c;padding-top:0px;padding-right:0px;padding-bottom:0px;padding-left:0px;}<\/style>\n<h2 class=\"kt-adv-heading1945_fff72a-b7 wp-block-kadence-advancedheading\" data-kb-block=\"kb-adv-heading1945_fff72a-b7\"><strong><strong><strong>Lara<\/strong><\/strong><\/strong><\/h2>\n\n\n<style>.kb-row-layout-id1945_b7f8f0-b0 > .kt-row-column-wrap{align-content:start;}:where(.kb-row-layout-id1945_b7f8f0-b0 > .kt-row-column-wrap) > .wp-block-kadence-column{justify-content:start;}.kb-row-layout-id1945_b7f8f0-b0 > .kt-row-column-wrap{column-gap:var(--global-kb-gap-md, 2rem);row-gap:var(--global-kb-gap-md, 2rem);padding-top:var(--global-kb-spacing-sm, 1.5rem);padding-bottom:var(--global-kb-spacing-sm, 1.5rem);grid-template-columns:minmax(0, 1fr);}.kb-row-layout-id1945_b7f8f0-b0 > .kt-row-layout-overlay{opacity:0.30;}@media all and (max-width: 1024px){.kb-row-layout-id1945_b7f8f0-b0 > .kt-row-column-wrap{grid-template-columns:minmax(0, 1fr);}}@media all and (max-width: 767px){.kb-row-layout-id1945_b7f8f0-b0 > .kt-row-column-wrap{grid-template-columns:minmax(0, 1fr);}}<\/style><div class=\"kb-row-layout-wrap kb-row-layout-id1945_b7f8f0-b0 alignnone wp-block-kadence-rowlayout\"><div class=\"kt-row-column-wrap kt-has-1-columns kt-row-layout-equal kt-tab-layout-inherit kt-mobile-layout-row kt-row-valign-top\">\n<style>.kadence-column1945_32bfe4-aa > .kt-inside-inner-col,.kadence-column1945_32bfe4-aa > .kt-inside-inner-col:before{border-top-left-radius:0px;border-top-right-radius:0px;border-bottom-right-radius:0px;border-bottom-left-radius:0px;}.kadence-column1945_32bfe4-aa > .kt-inside-inner-col{column-gap:var(--global-kb-gap-sm, 1rem);}.kadence-column1945_32bfe4-aa > .kt-inside-inner-col{flex-direction:column;}.kadence-column1945_32bfe4-aa > .kt-inside-inner-col > .aligncenter{width:100%;}.kadence-column1945_32bfe4-aa > .kt-inside-inner-col:before{opacity:0.3;}.kadence-column1945_32bfe4-aa{position:relative;}@media all and (max-width: 1024px){.kadence-column1945_32bfe4-aa > .kt-inside-inner-col{flex-direction:column;}}@media all and (max-width: 767px){.kadence-column1945_32bfe4-aa > .kt-inside-inner-col{flex-direction:column;}}<\/style>\n<div class=\"wp-block-kadence-column kadence-column1945_32bfe4-aa\"><div class=\"kt-inside-inner-col\"><style>.kb-row-layout-id1945_560952-b2 > .kt-row-column-wrap{align-content:start;}:where(.kb-row-layout-id1945_560952-b2 > .kt-row-column-wrap) > .wp-block-kadence-column{justify-content:start;}.kb-row-layout-id1945_560952-b2 > .kt-row-column-wrap{column-gap:var(--global-kb-gap-md, 2rem);row-gap:var(--global-kb-gap-md, 2rem);padding-top:var(--global-kb-spacing-sm, 1.5rem);padding-bottom:var(--global-kb-spacing-sm, 1.5rem);grid-template-columns:minmax(0, 1fr);}.kb-row-layout-id1945_560952-b2 > .kt-row-layout-overlay{opacity:0.30;}@media all and (max-width: 1024px){.kb-row-layout-id1945_560952-b2 > .kt-row-column-wrap{grid-template-columns:minmax(0, 1fr);}}@media all and (max-width: 767px){.kb-row-layout-id1945_560952-b2 > .kt-row-column-wrap{grid-template-columns:minmax(0, 1fr);}}<\/style><div class=\"kb-row-layout-wrap kb-row-layout-id1945_560952-b2 alignnone wp-block-kadence-rowlayout\"><div class=\"kt-row-column-wrap kt-has-2-columns kt-row-layout-row kt-tab-layout-inherit kt-mobile-layout-row kt-row-valign-top\">\n<style>.kadence-column1945_342a87-88 > .kt-inside-inner-col,.kadence-column1945_342a87-88 > .kt-inside-inner-col:before{border-top-left-radius:0px;border-top-right-radius:0px;border-bottom-right-radius:0px;border-bottom-left-radius:0px;}.kadence-column1945_342a87-88 > .kt-inside-inner-col{column-gap:var(--global-kb-gap-sm, 1rem);}.kadence-column1945_342a87-88 > .kt-inside-inner-col{flex-direction:column;}.kadence-column1945_342a87-88 > .kt-inside-inner-col > .aligncenter{width:100%;}.kadence-column1945_342a87-88 > .kt-inside-inner-col:before{opacity:0.3;}.kadence-column1945_342a87-88{position:relative;}@media all and (max-width: 1024px){.kadence-column1945_342a87-88 > .kt-inside-inner-col{flex-direction:column;}}@media all and (max-width: 767px){.kadence-column1945_342a87-88 > .kt-inside-inner-col{flex-direction:column;}}<\/style>\n<div class=\"wp-block-kadence-column kadence-column1945_342a87-88\"><div class=\"kt-inside-inner-col\"><style>.kb-image1945_f2e603-6e .kb-image-has-overlay:after{opacity:0.3;}<\/style>\n<figure class=\"wp-block-kadence-image kb-image1945_f2e603-6e size-full\"><img loading=\"lazy\" decoding=\"async\" width=\"600\" height=\"279\" src=\"http:\/\/www.unesr.edu.ve\/wp-content\/uploads\/2024\/01\/rectora.jpg\" alt=\"\" class=\"kb-img wp-image-1897\" srcset=\"https:\/\/unesr.edu.ve\/wp-content\/uploads\/2024\/01\/rectora.jpg 600w, https:\/\/unesr.edu.ve\/wp-content\/uploads\/2024\/01\/rectora-300x140.jpg 300w\" sizes=\"(max-width: 600px) 100vw, 600px\" \/><\/figure>\n<\/div><\/div>\n\n\n<style>.kadence-column1945_1f4b84-b4 > .kt-inside-inner-col,.kadence-column1945_1f4b84-b4 > .kt-inside-inner-col:before{border-top-left-radius:0px;border-top-right-radius:0px;border-bottom-right-radius:0px;border-bottom-left-radius:0px;}.kadence-column1945_1f4b84-b4 > .kt-inside-inner-col{column-gap:var(--global-kb-gap-sm, 1rem);}.kadence-column1945_1f4b84-b4 > .kt-inside-inner-col{flex-direction:column;}.kadence-column1945_1f4b84-b4 > .kt-inside-inner-col > .aligncenter{width:100%;}.kadence-column1945_1f4b84-b4 > .kt-inside-inner-col:before{opacity:0.3;}.kadence-column1945_1f4b84-b4{position:relative;}@media all and (max-width: 1024px){.kadence-column1945_1f4b84-b4 > .kt-inside-inner-col{flex-direction:column;}}@media all and (max-width: 767px){.kadence-column1945_1f4b84-b4 > .kt-inside-inner-col{flex-direction:column;}}<\/style>\n<div class=\"wp-block-kadence-column kadence-column1945_1f4b84-b4\"><div class=\"kt-inside-inner-col\"><style>.wp-block-kadence-advancedheading.kt-adv-heading1945_048741-8c, .wp-block-kadence-advancedheading.kt-adv-heading1945_048741-8c[data-kb-block=\"kb-adv-heading1945_048741-8c\"]{font-style:normal;}.wp-block-kadence-advancedheading.kt-adv-heading1945_048741-8c mark.kt-highlight, .wp-block-kadence-advancedheading.kt-adv-heading1945_048741-8c[data-kb-block=\"kb-adv-heading1945_048741-8c\"] mark.kt-highlight{font-style:normal;color:#f76a0c;padding-top:0px;padding-right:0px;padding-bottom:0px;padding-left:0px;}<\/style>\n<p class=\"kt-adv-heading1945_048741-8c wp-block-kadence-advancedheading\" data-kb-block=\"kb-adv-heading1945_048741-8c\"><strong>N\u00facleo Barquisimeto<br><\/strong>ESTADO: Lara<br>MUNICIPIO: Iribarren<br>PARROQUIA: Santa Rosa<br>DIRECCI\u00d3N: Av. Argimiro Bracamonte, entre Av. Libertador y Venezuela, frente al Parque del Este. Barquisimeto. Edo. Lara.<br>COORDENADAS GEOREFERENCIALES: 10\u00b004&#8217;39.8&#8243;N 69\u00b017&#8217;22.3&#8243;W<br>RESPONSABLE: Rub\u00e9n Isturiz &#8211; Director<br>TEL\u00c9FONO:<br>CORREO ELECTR\u00d3NICO: direccion.bqto.edu.unesr@gmail.com<\/p>\n<\/div><\/div>\n\n<\/div><\/div><\/div><\/div>\n\n<\/div><\/div>","protected":false},"excerpt":{"rendered":"<p>Falc\u00f3n N\u00facleo CoroESTADO: Falc\u00f3nMUNICIPIO: MirandaPARROQUIA: Santa AnaDIRECCI\u00d3N: Av. Miranda. Cruce con calle Norte. Edo. Falc\u00f3nCOORDENADAS GEOREFERENCIALES: 11\u00b024&#8217;41.8&#8243;N 69\u00b040&#8217;45.3&#8243;WRESPONSABLE: Al\u00ed Jos\u00e9 Guanipa S\u00e1nchez &#8211; DirectorTEL\u00c9FONO:CORREO ELECTR\u00d3NICO: direccionunesrcoro2018@gmail.com Lara N\u00facleo BarquisimetoESTADO: LaraMUNICIPIO: IribarrenPARROQUIA: Santa RosaDIRECCI\u00d3N: Av. Argimiro Bracamonte, entre Av. Libertador y Venezuela, frente al Parque del Este. Barquisimeto. Edo. Lara.COORDENADAS GEOREFERENCIALES: 10\u00b004&#8217;39.8&#8243;N 69\u00b017&#8217;22.3&#8243;WRESPONSABLE: Rub\u00e9n Isturiz &#8211;&#8230;<\/p>\n","protected":false},"author":3,"featured_media":0,"parent":0,"menu_order":0,"comment_status":"closed","ping_status":"closed","template":"","meta":{"_kadence_starter_templates_imported_post":false,"_kad_post_transparent":"","_kad_post_title":"","_kad_post_layout":"","_kad_post_sidebar_id":"","_kad_post_content_style":"","_kad_post_vertical_padding":"","_kad_post_feature":"","_kad_post_feature_position":"","_kad_post_header":false,"_kad_post_footer":false,"footnotes":""},"_links":{"self":[{"href":"https:\/\/unesr.edu.ve\/index.php?rest_route=\/wp\/v2\/pages\/1945"}],"collection":[{"href":"https:\/\/unesr.edu.ve\/index.php?rest_route=\/wp\/v2\/pages"}],"about":[{"href":"https:\/\/unesr.edu.ve\/index.php?rest_route=\/wp\/v2\/types\/page"}],"author":[{"embeddable":true,"href":"https:\/\/unesr.edu.ve\/index.php?rest_route=\/wp\/v2\/users\/3"}],"replies":[{"embeddable":true,"href":"https:\/\/unesr.edu.ve\/index.php?rest_route=%2Fwp%2Fv2%2Fcomments&post=1945"}],"version-history":[{"count":1,"href":"https:\/\/unesr.edu.ve\/index.php?rest_route=\/wp\/v2\/pages\/1945\/revisions"}],"predecessor-version":[{"id":1947,"href":"https:\/\/unesr.edu.ve\/index.php?rest_route=\/wp\/v2\/pages\/1945\/revisions\/1947"}],"wp:attachment":[{"href":"https:\/\/unesr.edu.ve\/index.php?rest_route=%2Fwp%2Fv2%2Fmedia&parent=1945"}],"curies":[{"name":"wp","href":"https:\/\/api.w.org\/{rel}","templated":true}]}}